{"id":9261,"date":"2024-07-01T09:00:00","date_gmt":"2024-07-01T16:00:00","guid":{"rendered":"https:\/\/www.brita.ca\/?page_id=9261"},"modified":"2024-07-25T08:42:27","modified_gmt":"2024-07-25T15:42:27","slug":"faucet-systems","status":"publish","type":"page","link":"https:\/\/brita.ca\/fr\/support\/faucet-systems\/","title":{"rendered":"Faucet Systems"},"content":{"rendered":"","protected":false},"excerpt":{"rendered":"","protected":false},"author":16,"featured_media":0,"parent":9245,"menu_order":0,"comment_status":"closed","ping_status":"closed","template":"page-support-single.php","meta":{"_acf_changed":false,"footnotes":""},"class_list":["post-9261","page","type-page","status-publish","hentry"],"acf":{"hero":[{"class":"","preheader":"SOUTIEN AU SUJET DES PRODUITS","title":"Comment installer votre syst\u00e8me de filtration d\u2019eau sur robinet","text":"","button":false,"image_top":false,"image_bottom":false,"background":false}],"my_brita_header":false,"filter_selection":{"title":"","filters":false},"pitcher_selection":{"title":"","pitchers":false,"hidden_for_filters":false},"video":{"youtube_id":"e4okos4_uVw","image":{"ID":9337,"id":9337,"title":"FR-faucet-mount-install-video","filename":"FR-faucet-mount-install-video.jpg","filesize":75543,"url":"https:\/\/brita.ca\/wp-content\/uploads\/2024\/05\/FR-faucet-mount-install-video.jpg","link":"https:\/\/brita.ca\/fr\/video\/comment-installer-votre-systeme-sur-robinet-brita\/fr-faucet-mount-install-video\/","alt":"","author":"16","description":"","caption":"","name":"fr-faucet-mount-install-video","status":"inherit","uploaded_to":8996,"date":"2024-07-18 17:13:34","modified":"2024-07-18 17:13:34","menu_order":0,"mime_type":"image\/jpeg","type":"image","subtype":"jpeg","icon":"https:\/\/www.brita.ca\/wp-includes\/images\/media\/default.png","width":1416,"height":828,"sizes":[]}},"content_groups":[{"filter_id":"","pitcher_id":"","steps":[{"label":"\u00c9TAPE 1","title":"Enlevez le brise-jet.","content":"<p>Facile \u00e0 installer. Aucun outil requis.<br \/>\nEnlevez le brise-jet de votre robinet.<\/p>\n","disclaimer":"","image":{"ID":9077,"id":9077,"title":"faucet-remove-aerator-desktop","filename":"faucet-remove-aerator-desktop.png","filesize":15556,"url":"https:\/\/brita.ca\/wp-content\/uploads\/2024\/06\/faucet-remove-aerator-desktop.png","link":"https:\/\/brita.ca\/fr\/support\/faucet-systems\/faucet-remove-aerator-desktop-2\/","alt":"","author":"4","description":"","caption":"","name":"faucet-remove-aerator-desktop-2","status":"inherit","uploaded_to":9261,"date":"2024-06-26 21:07:33","modified":"2024-06-27 18:11:31","menu_order":0,"mime_type":"image\/png","type":"image","subtype":"png","icon":"https:\/\/www.brita.ca\/wp-includes\/images\/media\/default.png","width":351,"height":326,"sizes":[]},"image_mobile":{"ID":9075,"id":9075,"title":"faucet-remove-aerator-mobile","filename":"faucet-remove-aerator-mobile.png","filesize":17554,"url":"https:\/\/brita.ca\/wp-content\/uploads\/2024\/06\/faucet-remove-aerator-mobile.png","link":"https:\/\/brita.ca\/fr\/support\/faucet-systems\/faucet-remove-aerator-mobile-2\/","alt":"","author":"4","description":"","caption":"","name":"faucet-remove-aerator-mobile-2","status":"inherit","uploaded_to":9261,"date":"2024-06-26 21:07:32","modified":"2024-06-27 18:11:31","menu_order":0,"mime_type":"image\/png","type":"image","subtype":"png","icon":"https:\/\/www.brita.ca\/wp-includes\/images\/media\/default.png","width":686,"height":326,"sizes":[]}},{"label":"\u00c9TAPE 2","title":"V\u00e9rifiez si vous avez besoin d\u2019un adaptateur.","content":"<p>V\u00e9rifiez le filetage de votre robinet pour d\u00e9terminer si vous avez besoin d\u2019un adaptateur.<\/p>\n<p>&nbsp;<\/p>\n<p>\u00c0 l\u2019int\u00e9rieur: utilisez un adaptateur.<\/p>\n<p>\u00c0 l\u2019ext\u00e9rieur: un adaptateur n\u2019est probablement pas n\u00e9cessaire.<\/p>\n","disclaimer":"","image":{"ID":9089,"id":9089,"title":"faucet-check-adapter-desktop","filename":"faucet-check-adapter-desktop.png","filesize":12269,"url":"https:\/\/brita.ca\/wp-content\/uploads\/2024\/06\/faucet-check-adapter-desktop.png","link":"https:\/\/brita.ca\/fr\/support\/faucet-systems\/faucet-check-adapter-desktop-2\/","alt":"","author":"4","description":"","caption":"","name":"faucet-check-adapter-desktop-2","status":"inherit","uploaded_to":9261,"date":"2024-06-26 21:07:42","modified":"2024-06-27 18:11:31","menu_order":0,"mime_type":"image\/png","type":"image","subtype":"png","icon":"https:\/\/www.brita.ca\/wp-includes\/images\/media\/default.png","width":351,"height":326,"sizes":[]},"image_mobile":{"ID":9087,"id":9087,"title":"faucet-check-adapter-mobile","filename":"faucet-check-adapter-mobile.png","filesize":13632,"url":"https:\/\/brita.ca\/wp-content\/uploads\/2024\/06\/faucet-check-adapter-mobile.png","link":"https:\/\/brita.ca\/fr\/support\/faucet-systems\/faucet-check-adapter-mobile-2\/","alt":"","author":"4","description":"","caption":"","name":"faucet-check-adapter-mobile-2","status":"inherit","uploaded_to":9261,"date":"2024-06-26 21:07:40","modified":"2024-06-27 18:11:31","menu_order":0,"mime_type":"image\/png","type":"image","subtype":"png","icon":"https:\/\/www.brita.ca\/wp-includes\/images\/media\/default.png","width":686,"height":326,"sizes":[]}},{"label":"\u00c9TAPE 3","title":"Installez la rondelle et l\u2019adaptateur (le cas \u00e9ch\u00e9ant).","content":"<p>Au besoin, installez la rondelle et l\u2019adaptateur. Vous devrez peut-\u00eatre essayer diff\u00e9rents couplages avant de trouver celui qui convient.<\/p>\n","disclaimer":"","image":{"ID":9085,"id":9085,"title":"faucet-install-washer-desktop","filename":"faucet-install-washer-desktop.png","filesize":11176,"url":"https:\/\/brita.ca\/wp-content\/uploads\/2024\/06\/faucet-install-washer-desktop.png","link":"https:\/\/brita.ca\/fr\/support\/faucet-systems\/faucet-install-washer-desktop-2\/","alt":"","author":"4","description":"","caption":"","name":"faucet-install-washer-desktop-2","status":"inherit","uploaded_to":9261,"date":"2024-06-26 21:07:39","modified":"2024-06-27 18:11:31","menu_order":0,"mime_type":"image\/png","type":"image","subtype":"png","icon":"https:\/\/www.brita.ca\/wp-includes\/images\/media\/default.png","width":351,"height":326,"sizes":[]},"image_mobile":{"ID":9083,"id":9083,"title":"faucet-install-washer-mobile","filename":"faucet-install-washer-mobile.png","filesize":12613,"url":"https:\/\/brita.ca\/wp-content\/uploads\/2024\/06\/faucet-install-washer-mobile.png","link":"https:\/\/brita.ca\/fr\/support\/faucet-systems\/faucet-install-washer-mobile-2\/","alt":"","author":"4","description":"","caption":"","name":"faucet-install-washer-mobile-2","status":"inherit","uploaded_to":9261,"date":"2024-06-26 21:07:38","modified":"2024-06-27 18:11:31","menu_order":0,"mime_type":"image\/png","type":"image","subtype":"png","icon":"https:\/\/www.brita.ca\/wp-includes\/images\/media\/default.png","width":686,"height":326,"sizes":[]}},{"label":"\u00c9TAPE 4","title":"Installez la base du syst\u00e8me.","content":"<p>Vissez la base du syst\u00e8me sur le robinet. Aucun outil requis.<\/p>\n","disclaimer":"","image":{"ID":9081,"id":9081,"title":"faucet-mount-base-desktop","filename":"faucet-mount-base-desktop.png","filesize":12231,"url":"https:\/\/brita.ca\/wp-content\/uploads\/2024\/06\/faucet-mount-base-desktop.png","link":"https:\/\/brita.ca\/fr\/support\/faucet-systems\/faucet-mount-base-desktop-2\/","alt":"","author":"4","description":"","caption":"","name":"faucet-mount-base-desktop-2","status":"inherit","uploaded_to":9261,"date":"2024-06-26 21:07:36","modified":"2024-06-27 18:11:31","menu_order":0,"mime_type":"image\/png","type":"image","subtype":"png","icon":"https:\/\/www.brita.ca\/wp-includes\/images\/media\/default.png","width":351,"height":326,"sizes":[]},"image_mobile":{"ID":9079,"id":9079,"title":"faucet-mount-base-mobile","filename":"faucet-mount-base-mobile.png","filesize":13688,"url":"https:\/\/brita.ca\/wp-content\/uploads\/2024\/06\/faucet-mount-base-mobile.png","link":"https:\/\/brita.ca\/fr\/support\/faucet-systems\/faucet-mount-base-mobile-2\/","alt":"","author":"4","description":"","caption":"","name":"faucet-mount-base-mobile-2","status":"inherit","uploaded_to":9261,"date":"2024-06-26 21:07:35","modified":"2024-06-27 18:11:31","menu_order":0,"mime_type":"image\/png","type":"image","subtype":"png","icon":"https:\/\/www.brita.ca\/wp-includes\/images\/media\/default.png","width":686,"height":326,"sizes":[]}},{"label":"\u00c9TAPE 5","title":"Ins\u00e9rez le filtre.","content":"<p>Soutenez la base et enclenchez le filtre dans le r\u00e9ceptacle.<\/p>\n","disclaimer":"","image":{"ID":9093,"id":9093,"title":"faucet-attach-filter-desktop","filename":"faucet-attach-filter-desktop.png","filesize":18897,"url":"https:\/\/brita.ca\/wp-content\/uploads\/2024\/06\/faucet-attach-filter-desktop.png","link":"https:\/\/brita.ca\/fr\/support\/faucet-systems\/faucet-attach-filter-desktop-2\/","alt":"","author":"4","description":"","caption":"","name":"faucet-attach-filter-desktop-2","status":"inherit","uploaded_to":9261,"date":"2024-06-26 21:07:43","modified":"2024-06-27 18:11:31","menu_order":0,"mime_type":"image\/png","type":"image","subtype":"png","icon":"https:\/\/www.brita.ca\/wp-includes\/images\/media\/default.png","width":351,"height":326,"sizes":[]},"image_mobile":{"ID":9091,"id":9091,"title":"faucet-attach-filter-mobile","filename":"faucet-attach-filter-mobile.png","filesize":20867,"url":"https:\/\/brita.ca\/wp-content\/uploads\/2024\/06\/faucet-attach-filter-mobile.png","link":"https:\/\/brita.ca\/fr\/support\/faucet-systems\/faucet-attach-filter-mobile-2\/","alt":"","author":"4","description":"","caption":"","name":"faucet-attach-filter-mobile-2","status":"inherit","uploaded_to":9261,"date":"2024-06-26 21:07:43","modified":"2024-06-27 18:11:31","menu_order":0,"mime_type":"image\/png","type":"image","subtype":"png","icon":"https:\/\/www.brita.ca\/wp-includes\/images\/media\/default.png","width":686,"height":326,"sizes":[]}},{"label":"\u00c9TAPE 6","title":"Changez le r\u00e9glage.","content":"<p>R\u00e9glez le s\u00e9lecteur en mode filtration Brita\u00ae et faites couler l\u2019eau froide pendant 5 minutes.<\/p>\n","disclaimer":"","image":{"ID":9073,"id":9073,"title":"faucet-switch-settings-desktop","filename":"faucet-switch-settings-desktop.png","filesize":11057,"url":"https:\/\/brita.ca\/wp-content\/uploads\/2024\/06\/faucet-switch-settings-desktop.png","link":"https:\/\/brita.ca\/fr\/support\/faucet-systems\/faucet-switch-settings-desktop-2\/","alt":"","author":"4","description":"","caption":"","name":"faucet-switch-settings-desktop-2","status":"inherit","uploaded_to":9261,"date":"2024-06-26 21:07:30","modified":"2024-06-27 18:11:31","menu_order":0,"mime_type":"image\/png","type":"image","subtype":"png","icon":"https:\/\/www.brita.ca\/wp-includes\/images\/media\/default.png","width":351,"height":326,"sizes":[]},"image_mobile":{"ID":9071,"id":9071,"title":"faucet-switch-settings-mobile","filename":"faucet-switch-settings-mobile.png","filesize":12146,"url":"https:\/\/brita.ca\/wp-content\/uploads\/2024\/06\/faucet-switch-settings-mobile.png","link":"https:\/\/brita.ca\/fr\/support\/faucet-systems\/faucet-switch-settings-mobile-2\/","alt":"","author":"4","description":"","caption":"","name":"faucet-switch-settings-mobile-2","status":"inherit","uploaded_to":9261,"date":"2024-06-26 21:07:28","modified":"2024-06-27 18:11:31","menu_order":0,"mime_type":"image\/png","type":"image","subtype":"png","icon":"https:\/\/www.brita.ca\/wp-includes\/images\/media\/default.png","width":686,"height":326,"sizes":[]}},{"label":"\u00c9TAPE 7","title":"Indicateur de changement de filtre","content":"<p>L\u2019indicateur de changement de filtre surveille la dur\u00e9e d\u2019utilisation de la cartouche-filtre et vous avertit lorsqu\u2019il faut la remplacer. La dur\u00e9e de vie du filtre est fond\u00e9e sur la filtration d\u2019une eau de qualit\u00e9 moyenne et sur la consommation d\u2019eau filtr\u00e9e par une famille moyenne. L\u2019indicateur de changement de filtre vous signalera qu\u2019il faut changer la cartouche-filtre apr\u00e8s la filtration d\u2019environ 378 L (100 gallons) d\u2019eau.<\/p>\n<p>&nbsp;<\/p>\n<p>Voyant vert solide: Le filtre n\u2019a pas besoin d\u2019\u00eatre chang\u00e9.<br \/>\nVoyant vert et rouge: Le filtre peut encore filtrer 76 L<br \/>\n(20 gallons) environ.<br \/>\nVoyant rouge solide: Le filtre doit \u00eatre remplac\u00e9.<\/p>\n","disclaimer":"","image":false,"image_mobile":false},{"label":"\u00c9TAPE 8","title":"Remplacement du filtre en 1 clic","content":"<p>Appuyez sur le bouton de d\u00e9gagement pour retirer le filtre. Enclenchez le filtre neuf dans la base. Faites couler l\u2019eau pendant 5 minutes (conseil: utilisez cette eau pour arroser vos plantes!).<\/p>\n","disclaimer":"","image":false,"image_mobile":false}],"additional_links":[{"url":"\/wp-content\/uploads\/2024\/07\/Brita_Performance_Data_Sheet_Faucet_Mount_9d219193b1c7e6a95cd25b5377eb5730_EN_FR.pdf","label":"Consultez la fiche de donn\u00e9es de rendement.","external":true}]}]},"_links":{"self":[{"href":"https:\/\/brita.ca\/fr\/wp-json\/wp\/v2\/pages\/9261","targetHints":{"allow":["GET"]}}],"collection":[{"href":"https:\/\/brita.ca\/fr\/wp-json\/wp\/v2\/pages"}],"about":[{"href":"https:\/\/brita.ca\/fr\/wp-json\/wp\/v2\/types\/page"}],"author":[{"embeddable":true,"href":"https:\/\/brita.ca\/fr\/wp-json\/wp\/v2\/users\/16"}],"replies":[{"embeddable":true,"href":"https:\/\/brita.ca\/fr\/wp-json\/wp\/v2\/comments?post=9261"}],"version-history":[{"count":4,"href":"https:\/\/brita.ca\/fr\/wp-json\/wp\/v2\/pages\/9261\/revisions"}],"predecessor-version":[{"id":9350,"href":"https:\/\/brita.ca\/fr\/wp-json\/wp\/v2\/pages\/9261\/revisions\/9350"}],"up":[{"embeddable":true,"href":"https:\/\/brita.ca\/fr\/wp-json\/wp\/v2\/pages\/9245"}],"wp:attachment":[{"href":"https:\/\/brita.ca\/fr\/wp-json\/wp\/v2\/media?parent=9261"}],"curies":[{"name":"wp","href":"https:\/\/api.w.org\/{rel}","templated":true}]}}