{"id":9257,"date":"2024-07-01T09:00:00","date_gmt":"2024-07-01T16:00:00","guid":{"rendered":"https:\/\/www.brita.ca\/?page_id=9257"},"modified":"2024-07-25T08:41:03","modified_gmt":"2024-07-25T15:41:03","slug":"water-bottles","status":"publish","type":"page","link":"https:\/\/brita.ca\/fr\/support\/water-bottles\/","title":{"rendered":"Water Bottles"},"content":{"rendered":"","protected":false},"excerpt":{"rendered":"","protected":false},"author":16,"featured_media":0,"parent":9245,"menu_order":0,"comment_status":"closed","ping_status":"closed","template":"page-support-single.php","meta":{"_acf_changed":false,"footnotes":""},"class_list":["post-9257","page","type-page","status-publish","hentry"],"acf":{"hero":[{"class":"","preheader":"SOUTIEN AU SUJET DES PRODUITS","title":"Comment assembler votre syst\u00e8me de filtration d\u2019eau en bouteille haut de gamme","text":"","button":false,"image_top":false,"image_bottom":false,"background":false}],"my_brita_header":false,"filter_selection":{"title":"","filters":false},"pitcher_selection":{"title":"","pitchers":false,"hidden_for_filters":false},"video":{"youtube_id":"qX8FffWQh-I","image":{"ID":9347,"id":9347,"title":"FR-water-bottle-install-video","filename":"FR-water-bottle-install-video.jpg","filesize":65748,"url":"https:\/\/brita.ca\/wp-content\/uploads\/2024\/07\/FR-water-bottle-install-video.jpg","link":"https:\/\/brita.ca\/fr\/support\/water-bottles\/fr-water-bottle-install-video\/","alt":"","author":"16","description":"","caption":"","name":"fr-water-bottle-install-video","status":"inherit","uploaded_to":9257,"date":"2024-07-25 15:40:50","modified":"2024-07-25 15:40:50","menu_order":0,"mime_type":"image\/jpeg","type":"image","subtype":"jpeg","icon":"https:\/\/www.brita.ca\/wp-includes\/images\/media\/default.png","width":1416,"height":828,"sizes":[]}},"content_groups":[{"filter_id":"","pitcher_id":"","steps":[{"label":"\u00c9TAPE 1","title":"Lavez la bouteille.","content":"<p>Lavez \u00e0 la main la bouteille, le couvercle et la paille avec un d\u00e9tergent \u00e0 vaisselle doux. Rincez-les \u00e0 fond.<\/p>\n","disclaimer":"","image":{"ID":9119,"id":9119,"title":"dispenser-wash-desktop","filename":"dispenser-wash-desktop.png","filesize":15150,"url":"https:\/\/brita.ca\/wp-content\/uploads\/2024\/06\/dispenser-wash-desktop.png","link":"https:\/\/brita.ca\/fr\/support\/water-dispensers\/dispenser-wash-desktop-2\/","alt":"","author":"4","description":"","caption":"","name":"dispenser-wash-desktop-2","status":"inherit","uploaded_to":9253,"date":"2024-06-26 21:07:53","modified":"2024-06-27 17:48:10","menu_order":0,"mime_type":"image\/png","type":"image","subtype":"png","icon":"https:\/\/www.brita.ca\/wp-includes\/images\/media\/default.png","width":351,"height":326,"sizes":[]},"image_mobile":{"ID":9129,"id":9129,"title":"dispenser-wash-mobile","filename":"dispenser-wash-mobile.png","filesize":16282,"url":"https:\/\/brita.ca\/wp-content\/uploads\/2024\/06\/dispenser-wash-mobile.png","link":"https:\/\/brita.ca\/fr\/support\/water-dispensers\/dispenser-wash-mobile-2\/","alt":"","author":"4","description":"","caption":"","name":"dispenser-wash-mobile-2","status":"inherit","uploaded_to":9253,"date":"2024-06-26 21:07:56","modified":"2024-06-27 17:48:10","menu_order":0,"mime_type":"image\/png","type":"image","subtype":"png","icon":"https:\/\/www.brita.ca\/wp-includes\/images\/media\/default.png","width":686,"height":326,"sizes":[]}},{"label":"\u00c9TAPE 2","title":"Rincez le filtre.","content":"<p>Rincez le filtre sous l\u2019eau froide du robinet pendant 15 secondes.<\/p>\n","disclaimer":"","image":{"ID":9099,"id":9099,"title":"bottle-rinse-filter-desktop","filename":"bottle-rinse-filter-desktop.png","filesize":6669,"url":"https:\/\/brita.ca\/wp-content\/uploads\/2024\/06\/bottle-rinse-filter-desktop.png","link":"https:\/\/brita.ca\/fr\/support\/water-bottles\/bottle-rinse-filter-desktop-2\/","alt":"","author":"4","description":"","caption":"","name":"bottle-rinse-filter-desktop-2","status":"inherit","uploaded_to":9257,"date":"2024-06-26 21:07:46","modified":"2024-06-27 17:58:23","menu_order":0,"mime_type":"image\/png","type":"image","subtype":"png","icon":"https:\/\/www.brita.ca\/wp-includes\/images\/media\/default.png","width":351,"height":326,"sizes":[]},"image_mobile":{"ID":9097,"id":9097,"title":"bottle-rinse-filter-mobile","filename":"bottle-rinse-filter-mobile.png","filesize":8459,"url":"https:\/\/brita.ca\/wp-content\/uploads\/2024\/06\/bottle-rinse-filter-mobile.png","link":"https:\/\/brita.ca\/fr\/support\/water-bottles\/bottle-rinse-filter-mobile-2\/","alt":"","author":"4","description":"","caption":"","name":"bottle-rinse-filter-mobile-2","status":"inherit","uploaded_to":9257,"date":"2024-06-26 21:07:45","modified":"2024-06-27 17:58:23","menu_order":0,"mime_type":"image\/png","type":"image","subtype":"png","icon":"https:\/\/www.brita.ca\/wp-includes\/images\/media\/default.png","width":686,"height":371,"sizes":[]}},{"label":"\u00c9TAPE 3","title":"Ins\u00e9rez le filtre dans la paille.","content":"<p>Ins\u00e9rez fermement le filtre dans le haut de la paille (bout blanc orient\u00e9 vers le haut).<\/p>\n","disclaimer":"","image":{"ID":9103,"id":9103,"title":"bottle-insert-filter-desktop","filename":"bottle-insert-filter-desktop.png","filesize":5302,"url":"https:\/\/brita.ca\/wp-content\/uploads\/2024\/06\/bottle-insert-filter-desktop.png","link":"https:\/\/brita.ca\/fr\/support\/water-bottles\/bottle-insert-filter-desktop-2\/","alt":"","author":"4","description":"","caption":"","name":"bottle-insert-filter-desktop-2","status":"inherit","uploaded_to":9257,"date":"2024-06-26 21:07:47","modified":"2024-06-27 17:58:23","menu_order":0,"mime_type":"image\/png","type":"image","subtype":"png","icon":"https:\/\/www.brita.ca\/wp-includes\/images\/media\/default.png","width":351,"height":326,"sizes":[]},"image_mobile":{"ID":9101,"id":9101,"title":"bottle-insert-filter-mobile","filename":"bottle-insert-filter-mobile.png","filesize":5769,"url":"https:\/\/brita.ca\/wp-content\/uploads\/2024\/06\/bottle-insert-filter-mobile.png","link":"https:\/\/brita.ca\/fr\/support\/water-bottles\/bottle-insert-filter-mobile-2\/","alt":"","author":"4","description":"","caption":"","name":"bottle-insert-filter-mobile-2","status":"inherit","uploaded_to":9257,"date":"2024-06-26 21:07:46","modified":"2024-06-27 17:58:23","menu_order":0,"mime_type":"image\/png","type":"image","subtype":"png","icon":"https:\/\/www.brita.ca\/wp-includes\/images\/media\/default.png","width":686,"height":327,"sizes":[]}},{"label":"\u00c9TAPE 4","title":"Fixez la paille au couvercle.","content":"<p>Alignez la paille avec le trou sous le couvercle, puis tournez vers la droite.<\/p>\n","disclaimer":"","image":{"ID":9111,"id":9111,"title":"bottle-attach-straw-desktop","filename":"bottle-attach-straw-desktop.png","filesize":8780,"url":"https:\/\/brita.ca\/wp-content\/uploads\/2024\/06\/bottle-attach-straw-desktop.png","link":"https:\/\/brita.ca\/fr\/support\/water-bottles\/bottle-attach-straw-desktop-2\/","alt":"","author":"4","description":"","caption":"","name":"bottle-attach-straw-desktop-2","status":"inherit","uploaded_to":9257,"date":"2024-06-26 21:07:50","modified":"2024-06-27 17:58:23","menu_order":0,"mime_type":"image\/png","type":"image","subtype":"png","icon":"https:\/\/www.brita.ca\/wp-includes\/images\/media\/default.png","width":351,"height":326,"sizes":[]},"image_mobile":{"ID":9109,"id":9109,"title":"bottle-attach-straw-mobile","filename":"bottle-attach-straw-mobile.png","filesize":9335,"url":"https:\/\/brita.ca\/wp-content\/uploads\/2024\/06\/bottle-attach-straw-mobile.png","link":"https:\/\/brita.ca\/fr\/support\/water-bottles\/bottle-attach-straw-mobile-2\/","alt":"","author":"4","description":"","caption":"","name":"bottle-attach-straw-mobile-2","status":"inherit","uploaded_to":9257,"date":"2024-06-26 21:07:49","modified":"2024-06-27 17:58:23","menu_order":0,"mime_type":"image\/png","type":"image","subtype":"png","icon":"https:\/\/www.brita.ca\/wp-includes\/images\/media\/default.png","width":686,"height":327,"sizes":[]}},{"label":"\u00c9TAPE 5","title":"Remplissez la bouteille.","content":"<p>Remplissez la bouteille avec de l&#8217;eau froide du robinet et savourez une eau bonne au go\u00fbt! N&#8217;oubliez pas de remplacer le filtre de votre bouteille tous les deux mois.<\/p>\n","disclaimer":"","image":{"ID":9107,"id":9107,"title":"bottle-fill-it-up-desktop","filename":"bottle-fill-it-up-desktop.png","filesize":15604,"url":"https:\/\/brita.ca\/wp-content\/uploads\/2024\/06\/bottle-fill-it-up-desktop.png","link":"https:\/\/brita.ca\/fr\/support\/water-bottles\/bottle-fill-it-up-desktop-2\/","alt":"","author":"4","description":"","caption":"","name":"bottle-fill-it-up-desktop-2","status":"inherit","uploaded_to":9257,"date":"2024-06-26 21:07:48","modified":"2024-06-27 17:58:23","menu_order":0,"mime_type":"image\/png","type":"image","subtype":"png","icon":"https:\/\/www.brita.ca\/wp-includes\/images\/media\/default.png","width":351,"height":326,"sizes":[]},"image_mobile":{"ID":9105,"id":9105,"title":"bottle-fill-it-up-mobile","filename":"bottle-fill-it-up-mobile.png","filesize":16572,"url":"https:\/\/brita.ca\/wp-content\/uploads\/2024\/06\/bottle-fill-it-up-mobile.png","link":"https:\/\/brita.ca\/fr\/support\/water-bottles\/bottle-fill-it-up-mobile-2\/","alt":"","author":"4","description":"","caption":"","name":"bottle-fill-it-up-mobile-2","status":"inherit","uploaded_to":9257,"date":"2024-06-26 21:07:48","modified":"2024-06-27 17:58:23","menu_order":0,"mime_type":"image\/png","type":"image","subtype":"png","icon":"https:\/\/www.brita.ca\/wp-includes\/images\/media\/default.png","width":686,"height":327,"sizes":[]}}],"additional_links":[{"url":"\/wp-content\/uploads\/2024\/07\/Brita_Performance_Data_Sheet_Bottle_9a093be87ef211572bb3cbc5c10821cb_EN_FR.pdf","label":"Consultez la fiche de donn\u00e9es de rendement.","external":true}]}]},"_links":{"self":[{"href":"https:\/\/brita.ca\/fr\/wp-json\/wp\/v2\/pages\/9257","targetHints":{"allow":["GET"]}}],"collection":[{"href":"https:\/\/brita.ca\/fr\/wp-json\/wp\/v2\/pages"}],"about":[{"href":"https:\/\/brita.ca\/fr\/wp-json\/wp\/v2\/types\/page"}],"author":[{"embeddable":true,"href":"https:\/\/brita.ca\/fr\/wp-json\/wp\/v2\/users\/16"}],"replies":[{"embeddable":true,"href":"https:\/\/brita.ca\/fr\/wp-json\/wp\/v2\/comments?post=9257"}],"version-history":[{"count":4,"href":"https:\/\/brita.ca\/fr\/wp-json\/wp\/v2\/pages\/9257\/revisions"}],"predecessor-version":[{"id":9349,"href":"https:\/\/brita.ca\/fr\/wp-json\/wp\/v2\/pages\/9257\/revisions\/9349"}],"up":[{"embeddable":true,"href":"https:\/\/brita.ca\/fr\/wp-json\/wp\/v2\/pages\/9245"}],"wp:attachment":[{"href":"https:\/\/brita.ca\/fr\/wp-json\/wp\/v2\/media?parent=9257"}],"curies":[{"name":"wp","href":"https:\/\/api.w.org\/{rel}","templated":true}]}}