{"id":9253,"date":"2024-07-01T09:00:00","date_gmt":"2024-07-01T16:00:00","guid":{"rendered":"https:\/\/www.brita.ca\/?page_id=9253"},"modified":"2024-12-02T15:54:09","modified_gmt":"2024-12-02T23:54:09","slug":"water-dispensers","status":"publish","type":"page","link":"https:\/\/brita.ca\/fr\/support\/water-dispensers\/","title":{"rendered":"Water Dispensers"},"content":{"rendered":"","protected":false},"excerpt":{"rendered":"","protected":false},"author":16,"featured_media":0,"parent":9245,"menu_order":0,"comment_status":"closed","ping_status":"closed","template":"page-support-single.php","meta":{"_acf_changed":false,"footnotes":""},"class_list":["post-9253","page","type-page","status-publish","hentry"],"acf":{"hero":[{"class":"","preheader":"SOUTIEN AU SUJET DES PRODUITS","title":"Comment assembler votre distributeur de filtration d\u2019eau","text":"","button":false,"image_top":false,"image_bottom":false,"background":false}],"my_brita_header":false,"filter_selection":{"title":"Choisissez votre filtre:","filters":[{"id":"standard","name":"Standard"},{"id":"elite","name":"Elite\u00ae"}]},"pitcher_selection":{"title":"","pitchers":false,"hidden_for_filters":false},"video":{"youtube_id":"8iMHfFnmGEQ","image":{"ID":9344,"id":9344,"title":"FR-water-dispenser-install-video","filename":"FR-water-dispenser-install-video.jpg","filesize":109818,"url":"https:\/\/brita.ca\/wp-content\/uploads\/2024\/07\/FR-water-dispenser-install-video.jpg","link":"https:\/\/brita.ca\/fr\/support\/water-dispensers\/fr-water-dispenser-install-video\/","alt":"","author":"16","description":"","caption":"","name":"fr-water-dispenser-install-video","status":"inherit","uploaded_to":9253,"date":"2024-07-25 15:39:48","modified":"2024-07-25 15:39:48","menu_order":0,"mime_type":"image\/jpeg","type":"image","subtype":"jpeg","icon":"https:\/\/brita.ca\/wp-includes\/images\/media\/default.png","width":1416,"height":828,"sizes":[]}},"content_groups":[{"filter_id":"standard","pitcher_id":"","steps":[{"label":"\u00c9TAPE 1","title":"Lavez le distributeur.","content":"<p>Lavez \u00e0 la main le distributeur, le couvercle et le r\u00e9servoir avec un d\u00e9tergent \u00e0 vaisselle doux. Rincez-les \u00e0 fond.<\/p>\n","disclaimer":"","image":{"ID":9119,"id":9119,"title":"dispenser-wash-desktop","filename":"dispenser-wash-desktop.png","filesize":15150,"url":"https:\/\/brita.ca\/wp-content\/uploads\/2024\/06\/dispenser-wash-desktop.png","link":"https:\/\/brita.ca\/fr\/support\/water-dispensers\/dispenser-wash-desktop-2\/","alt":"","author":"4","description":"","caption":"","name":"dispenser-wash-desktop-2","status":"inherit","uploaded_to":9253,"date":"2024-06-26 21:07:53","modified":"2024-06-27 17:48:10","menu_order":0,"mime_type":"image\/png","type":"image","subtype":"png","icon":"https:\/\/brita.ca\/wp-includes\/images\/media\/default.png","width":351,"height":326,"sizes":[]},"image_mobile":{"ID":9129,"id":9129,"title":"dispenser-wash-mobile","filename":"dispenser-wash-mobile.png","filesize":16282,"url":"https:\/\/brita.ca\/wp-content\/uploads\/2024\/06\/dispenser-wash-mobile.png","link":"https:\/\/brita.ca\/fr\/support\/water-dispensers\/dispenser-wash-mobile-2\/","alt":"","author":"4","description":"","caption":"","name":"dispenser-wash-mobile-2","status":"inherit","uploaded_to":9253,"date":"2024-06-26 21:07:56","modified":"2024-06-27 17:48:10","menu_order":0,"mime_type":"image\/png","type":"image","subtype":"png","icon":"https:\/\/brita.ca\/wp-includes\/images\/media\/default.png","width":686,"height":326,"sizes":[]}},{"label":"\u00c9TAPE 2","title":"Rincez le filtre.","content":"<p>Lavez-vous les mains, puis rincez le filtre sous l\u2019eau froide du robinet pendant 15 secondes.<\/p>\n","disclaimer":"","image":{"ID":9121,"id":9121,"title":"dispenser-rinse-the-filter-desktop","filename":"dispenser-rinse-the-filter-desktop.png","filesize":13694,"url":"https:\/\/brita.ca\/wp-content\/uploads\/2024\/06\/dispenser-rinse-the-filter-desktop.png","link":"https:\/\/brita.ca\/fr\/support\/water-dispensers\/dispenser-rinse-the-filter-desktop-2\/","alt":"","author":"4","description":"","caption":"","name":"dispenser-rinse-the-filter-desktop-2","status":"inherit","uploaded_to":9253,"date":"2024-06-26 21:07:54","modified":"2024-06-27 17:48:10","menu_order":0,"mime_type":"image\/png","type":"image","subtype":"png","icon":"https:\/\/brita.ca\/wp-includes\/images\/media\/default.png","width":351,"height":326,"sizes":[]},"image_mobile":{"ID":9131,"id":9131,"title":"dispenser-rinse-the-filter-mobile","filename":"dispenser-rinse-the-filter-mobile.png","filesize":14622,"url":"https:\/\/brita.ca\/wp-content\/uploads\/2024\/06\/dispenser-rinse-the-filter-mobile.png","link":"https:\/\/brita.ca\/fr\/support\/water-dispensers\/dispenser-rinse-the-filter-mobile-2\/","alt":"","author":"4","description":"","caption":"","name":"dispenser-rinse-the-filter-mobile-2","status":"inherit","uploaded_to":9253,"date":"2024-06-26 21:07:57","modified":"2024-06-27 17:48:10","menu_order":0,"mime_type":"image\/png","type":"image","subtype":"png","icon":"https:\/\/brita.ca\/wp-includes\/images\/media\/default.png","width":686,"height":326,"sizes":[]}},{"label":"\u00c9TAPE 3","title":"Ins\u00e9rez le filtre.","content":"<p>Ins\u00e9rez le filtre en alignant la rainure sur le c\u00f4t\u00e9 du filtre avec l\u2019ar\u00eate situ\u00e9e au fond du r\u00e9servoir, puis appuyez fermement pour vous assurer que le filtre est bien en place.<\/p>\n","disclaimer":"","image":{"ID":9123,"id":9123,"title":"dispenser-insert-the-filter-desktop","filename":"dispenser-insert-the-filter-desktop.png","filesize":12109,"url":"https:\/\/brita.ca\/wp-content\/uploads\/2024\/06\/dispenser-insert-the-filter-desktop.png","link":"https:\/\/brita.ca\/fr\/support\/water-dispensers\/dispenser-insert-the-filter-desktop-2\/","alt":"","author":"4","description":"","caption":"","name":"dispenser-insert-the-filter-desktop-2","status":"inherit","uploaded_to":9253,"date":"2024-06-26 21:07:54","modified":"2024-06-27 17:48:10","menu_order":0,"mime_type":"image\/png","type":"image","subtype":"png","icon":"https:\/\/brita.ca\/wp-includes\/images\/media\/default.png","width":351,"height":326,"sizes":[]},"image_mobile":{"ID":9133,"id":9133,"title":"dispenser-insert-the-filter-mobile","filename":"dispenser-insert-the-filter-mobile.png","filesize":13037,"url":"https:\/\/brita.ca\/wp-content\/uploads\/2024\/06\/dispenser-insert-the-filter-mobile.png","link":"https:\/\/brita.ca\/fr\/support\/water-dispensers\/dispenser-insert-the-filter-mobile-2\/","alt":"","author":"4","description":"","caption":"","name":"dispenser-insert-the-filter-mobile-2","status":"inherit","uploaded_to":9253,"date":"2024-06-26 21:07:58","modified":"2024-06-27 17:48:10","menu_order":0,"mime_type":"image\/png","type":"image","subtype":"png","icon":"https:\/\/brita.ca\/wp-includes\/images\/media\/default.png","width":686,"height":326,"sizes":[]}},{"label":"\u00c9TAPE 4","title":"Initialisez l\u2019indicateur de changement de filtre.","content":"<p>Si votre distributeur Brita comporte un indicateur de changement de filtre \u00e9lectronique, appuyez sur le bouton RESET et maintenez-le enfonc\u00e9 pendant 2 secondes pour activer l\u2019indicateur. Si l\u2019indicateur se pr\u00e9sente sous la forme d\u2019un autocollant, ajustez la date \u00e0 laquelle vous devrez changer le filtre (tous les deux mois pour un filtre standard).<\/p>\n","disclaimer":"","image":{"ID":9125,"id":9125,"title":"replacement-reminder-desktop","filename":"replacement-reminder-desktop.png","filesize":15222,"url":"https:\/\/brita.ca\/wp-content\/uploads\/2024\/06\/replacement-reminder-desktop.png","link":"https:\/\/brita.ca\/fr\/support\/water-dispensers\/replacement-reminder-desktop-2\/","alt":"","author":"4","description":"","caption":"","name":"replacement-reminder-desktop-2","status":"inherit","uploaded_to":9253,"date":"2024-06-26 21:07:55","modified":"2024-06-27 17:48:10","menu_order":0,"mime_type":"image\/png","type":"image","subtype":"png","icon":"https:\/\/brita.ca\/wp-includes\/images\/media\/default.png","width":351,"height":326,"sizes":[]},"image_mobile":{"ID":9135,"id":9135,"title":"dispenser-replacement-reminder-mobile","filename":"dispenser-replacement-reminder-mobile.png","filesize":16710,"url":"https:\/\/brita.ca\/wp-content\/uploads\/2024\/06\/dispenser-replacement-reminder-mobile.png","link":"https:\/\/brita.ca\/fr\/support\/water-dispensers\/dispenser-replacement-reminder-mobile-2\/","alt":"","author":"4","description":"","caption":"","name":"dispenser-replacement-reminder-mobile-2","status":"inherit","uploaded_to":9253,"date":"2024-06-26 21:07:59","modified":"2024-06-27 17:48:10","menu_order":0,"mime_type":"image\/png","type":"image","subtype":"png","icon":"https:\/\/brita.ca\/wp-includes\/images\/media\/default.png","width":686,"height":326,"sizes":[]}},{"label":"\u00c9TAPE 5","title":"Remplissez le r\u00e9servoir.","content":"<p>Ouvrez le couvercle et remplissez le r\u00e9servoir avec de l\u2019eau froide du robinet*. Jetez l\u2019eau filtr\u00e9e du premier distributeur ou utilisez-la pour arroser les plantes. Veuillez noter que l\u2019indicateur ne compte les remplissages que si le couvercle a \u00e9t\u00e9 laiss\u00e9 ouvert pendant au moins 15 secondes.<\/p>\n","disclaimer":"*N\u2019utilisez pas d\u2019eau chaude avec le filtre Brita\u00ae standard (temp. max.: 29 \u00b0C\/85 \u00b0F; temp. min.: 0 \u00b0C\/32 \u00b0F).","image":{"ID":9127,"id":9127,"title":"dispenser-fill-it-up-desktop","filename":"dispenser-fill-it-up-desktop.png","filesize":18522,"url":"https:\/\/brita.ca\/wp-content\/uploads\/2024\/06\/dispenser-fill-it-up-desktop.png","link":"https:\/\/brita.ca\/fr\/support\/water-dispensers\/dispenser-fill-it-up-desktop-2\/","alt":"","author":"4","description":"","caption":"","name":"dispenser-fill-it-up-desktop-2","status":"inherit","uploaded_to":9253,"date":"2024-06-26 21:07:56","modified":"2024-06-27 17:48:10","menu_order":0,"mime_type":"image\/png","type":"image","subtype":"png","icon":"https:\/\/brita.ca\/wp-includes\/images\/media\/default.png","width":351,"height":327,"sizes":[]},"image_mobile":{"ID":9137,"id":9137,"title":"dispenser-fill-it-up-mobile","filename":"dispenser-fill-it-up-mobile.png","filesize":19901,"url":"https:\/\/brita.ca\/wp-content\/uploads\/2024\/06\/dispenser-fill-it-up-mobile.png","link":"https:\/\/brita.ca\/fr\/support\/water-dispensers\/dispenser-fill-it-up-mobile-2\/","alt":"","author":"4","description":"","caption":"","name":"dispenser-fill-it-up-mobile-2","status":"inherit","uploaded_to":9253,"date":"2024-06-26 21:07:59","modified":"2024-06-27 17:48:11","menu_order":0,"mime_type":"image\/png","type":"image","subtype":"png","icon":"https:\/\/brita.ca\/wp-includes\/images\/media\/default.png","width":686,"height":326,"sizes":[]}}],"additional_links":[{"url":"\/wp-content\/uploads\/2024\/07\/Brita_Performance_Data_Sheet_Standard_Filter_8e1d9029be93c2ecd46234b943d9d4d5_EN_FR.pdf","label":"Consultez la fiche de donn\u00e9es de rendement.","external":true}]},{"filter_id":"elite","pitcher_id":"","steps":[{"label":"\u00c9TAPE 1","title":"Lavez le distributeur.","content":"<p>Lavez \u00e0 la main le distributeur, le couvercle et le r\u00e9servoir avec un d\u00e9tergent \u00e0 vaisselle doux. Rincez-les \u00e0 fond.<\/p>\n","disclaimer":"","image":{"ID":9119,"id":9119,"title":"dispenser-wash-desktop","filename":"dispenser-wash-desktop.png","filesize":15150,"url":"https:\/\/brita.ca\/wp-content\/uploads\/2024\/06\/dispenser-wash-desktop.png","link":"https:\/\/brita.ca\/fr\/support\/water-dispensers\/dispenser-wash-desktop-2\/","alt":"","author":"4","description":"","caption":"","name":"dispenser-wash-desktop-2","status":"inherit","uploaded_to":9253,"date":"2024-06-26 21:07:53","modified":"2024-06-27 17:48:10","menu_order":0,"mime_type":"image\/png","type":"image","subtype":"png","icon":"https:\/\/brita.ca\/wp-includes\/images\/media\/default.png","width":351,"height":326,"sizes":[]},"image_mobile":{"ID":9129,"id":9129,"title":"dispenser-wash-mobile","filename":"dispenser-wash-mobile.png","filesize":16282,"url":"https:\/\/brita.ca\/wp-content\/uploads\/2024\/06\/dispenser-wash-mobile.png","link":"https:\/\/brita.ca\/fr\/support\/water-dispensers\/dispenser-wash-mobile-2\/","alt":"","author":"4","description":"","caption":"","name":"dispenser-wash-mobile-2","status":"inherit","uploaded_to":9253,"date":"2024-06-26 21:07:56","modified":"2024-06-27 17:48:10","menu_order":0,"mime_type":"image\/png","type":"image","subtype":"png","icon":"https:\/\/brita.ca\/wp-includes\/images\/media\/default.png","width":686,"height":326,"sizes":[]}},{"label":"\u00c9TAPE 2","title":"Ins\u00e9rez le filtre.","content":"<p>Ins\u00e9rez le filtre en alignant la rainure sur le c\u00f4t\u00e9 du filtre avec l\u2019ar\u00eate situ\u00e9e au fond du r\u00e9servoir, puis appuyez fermement pour vous assurer que le filtre est bien en place.<\/p>\n","disclaimer":"","image":{"ID":9123,"id":9123,"title":"dispenser-insert-the-filter-desktop","filename":"dispenser-insert-the-filter-desktop.png","filesize":12109,"url":"https:\/\/brita.ca\/wp-content\/uploads\/2024\/06\/dispenser-insert-the-filter-desktop.png","link":"https:\/\/brita.ca\/fr\/support\/water-dispensers\/dispenser-insert-the-filter-desktop-2\/","alt":"","author":"4","description":"","caption":"","name":"dispenser-insert-the-filter-desktop-2","status":"inherit","uploaded_to":9253,"date":"2024-06-26 21:07:54","modified":"2024-06-27 17:48:10","menu_order":0,"mime_type":"image\/png","type":"image","subtype":"png","icon":"https:\/\/brita.ca\/wp-includes\/images\/media\/default.png","width":351,"height":326,"sizes":[]},"image_mobile":{"ID":9133,"id":9133,"title":"dispenser-insert-the-filter-mobile","filename":"dispenser-insert-the-filter-mobile.png","filesize":13037,"url":"https:\/\/brita.ca\/wp-content\/uploads\/2024\/06\/dispenser-insert-the-filter-mobile.png","link":"https:\/\/brita.ca\/fr\/support\/water-dispensers\/dispenser-insert-the-filter-mobile-2\/","alt":"","author":"4","description":"","caption":"","name":"dispenser-insert-the-filter-mobile-2","status":"inherit","uploaded_to":9253,"date":"2024-06-26 21:07:58","modified":"2024-06-27 17:48:10","menu_order":0,"mime_type":"image\/png","type":"image","subtype":"png","icon":"https:\/\/brita.ca\/wp-includes\/images\/media\/default.png","width":686,"height":326,"sizes":[]}},{"label":"\u00c9TAPE 3","title":"Initialisez l\u2019indicateur de changement de filtre.","content":"<p>Si votre distributeur Brita comporte un indicateur de changement de filtre \u00e9lectronique, appuyez sur le bouton RESET et maintenez-le enfonc\u00e9 pendant 6 secondes pour activer l\u2019indicateur. Si l\u2019indicateur se pr\u00e9sente sous la forme d\u2019un autocollant, ajustez la date \u00e0 laquelle vous devrez changer le filtre (tous les 454 L\/120 gallons pour un filtre Elite).<\/p>\n","disclaimer":"","image":{"ID":9125,"id":9125,"title":"replacement-reminder-desktop","filename":"replacement-reminder-desktop.png","filesize":15222,"url":"https:\/\/brita.ca\/wp-content\/uploads\/2024\/06\/replacement-reminder-desktop.png","link":"https:\/\/brita.ca\/fr\/support\/water-dispensers\/replacement-reminder-desktop-2\/","alt":"","author":"4","description":"","caption":"","name":"replacement-reminder-desktop-2","status":"inherit","uploaded_to":9253,"date":"2024-06-26 21:07:55","modified":"2024-06-27 17:48:10","menu_order":0,"mime_type":"image\/png","type":"image","subtype":"png","icon":"https:\/\/brita.ca\/wp-includes\/images\/media\/default.png","width":351,"height":326,"sizes":[]},"image_mobile":{"ID":9135,"id":9135,"title":"dispenser-replacement-reminder-mobile","filename":"dispenser-replacement-reminder-mobile.png","filesize":16710,"url":"https:\/\/brita.ca\/wp-content\/uploads\/2024\/06\/dispenser-replacement-reminder-mobile.png","link":"https:\/\/brita.ca\/fr\/support\/water-dispensers\/dispenser-replacement-reminder-mobile-2\/","alt":"","author":"4","description":"","caption":"","name":"dispenser-replacement-reminder-mobile-2","status":"inherit","uploaded_to":9253,"date":"2024-06-26 21:07:59","modified":"2024-06-27 17:48:10","menu_order":0,"mime_type":"image\/png","type":"image","subtype":"png","icon":"https:\/\/brita.ca\/wp-includes\/images\/media\/default.png","width":686,"height":326,"sizes":[]}},{"label":"\u00c9TAPE 4","title":"Remplissez le r\u00e9servoir.","content":"<p>Ouvrez le couvercle et remplissez le r\u00e9servoir avec de l\u2019eau froide du robinet*. Jetez l\u2019eau filtr\u00e9e du premier distributeur ou utilisez-la pour arroser les plantes. Veuillez noter que l\u2019indicateur ne compte les remplissages que si le couvercle a \u00e9t\u00e9 laiss\u00e9 ouvert pendant au moins 15 secondes.<\/p>\n","disclaimer":"*N\u2019utilisez pas d\u2019eau chaude avec le filtre Brita\u00ae Elite<sup>MC<\/sup> (temp. max.: 29 \u00b0C\/85 \u00b0F; temp. min.: 0 \u00b0C\/32 \u00b0F).","image":{"ID":9127,"id":9127,"title":"dispenser-fill-it-up-desktop","filename":"dispenser-fill-it-up-desktop.png","filesize":18522,"url":"https:\/\/brita.ca\/wp-content\/uploads\/2024\/06\/dispenser-fill-it-up-desktop.png","link":"https:\/\/brita.ca\/fr\/support\/water-dispensers\/dispenser-fill-it-up-desktop-2\/","alt":"","author":"4","description":"","caption":"","name":"dispenser-fill-it-up-desktop-2","status":"inherit","uploaded_to":9253,"date":"2024-06-26 21:07:56","modified":"2024-06-27 17:48:10","menu_order":0,"mime_type":"image\/png","type":"image","subtype":"png","icon":"https:\/\/brita.ca\/wp-includes\/images\/media\/default.png","width":351,"height":327,"sizes":[]},"image_mobile":{"ID":9137,"id":9137,"title":"dispenser-fill-it-up-mobile","filename":"dispenser-fill-it-up-mobile.png","filesize":19901,"url":"https:\/\/brita.ca\/wp-content\/uploads\/2024\/06\/dispenser-fill-it-up-mobile.png","link":"https:\/\/brita.ca\/fr\/support\/water-dispensers\/dispenser-fill-it-up-mobile-2\/","alt":"","author":"4","description":"","caption":"","name":"dispenser-fill-it-up-mobile-2","status":"inherit","uploaded_to":9253,"date":"2024-06-26 21:07:59","modified":"2024-06-27 17:48:11","menu_order":0,"mime_type":"image\/png","type":"image","subtype":"png","icon":"https:\/\/brita.ca\/wp-includes\/images\/media\/default.png","width":686,"height":326,"sizes":[]}}],"additional_links":[{"url":"\/wp-content\/uploads\/2024\/12\/Elite-Performance-Data-Sheet-PFOA-PFOS-111124_FR.pdf","label":"Consultez la fiche de donn\u00e9es de rendement.","external":true}]}]},"_links":{"self":[{"href":"https:\/\/brita.ca\/fr\/wp-json\/wp\/v2\/pages\/9253","targetHints":{"allow":["GET"]}}],"collection":[{"href":"https:\/\/brita.ca\/fr\/wp-json\/wp\/v2\/pages"}],"about":[{"href":"https:\/\/brita.ca\/fr\/wp-json\/wp\/v2\/types\/page"}],"author":[{"embeddable":true,"href":"https:\/\/brita.ca\/fr\/wp-json\/wp\/v2\/users\/16"}],"replies":[{"embeddable":true,"href":"https:\/\/brita.ca\/fr\/wp-json\/wp\/v2\/comments?post=9253"}],"version-history":[{"count":5,"href":"https:\/\/brita.ca\/fr\/wp-json\/wp\/v2\/pages\/9253\/revisions"}],"predecessor-version":[{"id":9407,"href":"https:\/\/brita.ca\/fr\/wp-json\/wp\/v2\/pages\/9253\/revisions\/9407"}],"up":[{"embeddable":true,"href":"https:\/\/brita.ca\/fr\/wp-json\/wp\/v2\/pages\/9245"}],"wp:attachment":[{"href":"https:\/\/brita.ca\/fr\/wp-json\/wp\/v2\/media?parent=9253"}],"curies":[{"name":"wp","href":"https:\/\/api.w.org\/{rel}","templated":true}]}}