{"id":9245,"date":"2024-07-01T09:00:00","date_gmt":"2024-07-01T16:00:00","guid":{"rendered":"https:\/\/www.brita.ca\/?page_id=9245"},"modified":"2024-07-01T15:17:00","modified_gmt":"2024-07-01T22:17:00","slug":"support","status":"publish","type":"page","link":"https:\/\/brita.ca\/fr\/support\/","title":{"rendered":"Support"},"content":{"rendered":"","protected":false},"excerpt":{"rendered":"","protected":false},"author":16,"featured_media":0,"parent":0,"menu_order":0,"comment_status":"closed","ping_status":"closed","template":"page-support.php","meta":{"_acf_changed":false,"footnotes":""},"class_list":["post-9245","page","type-page","status-publish","hentry"],"acf":{"hero":[{"class":"","preheader":"SOUTIEN AU SUJET DES PRODUITS","title":"Vous avez des questions? Nous avons les r\u00e9ponses.","text":"<p>Ce site vous propose des instructions sur l\u2019emploi de nos produits, des r\u00e9ponses aux questions fr\u00e9quentes et des renseignements sur la garantie Brita.<\/p>\n","button":false,"image_top":false,"image_bottom":false,"background":false}],"my_brita_header":false,"support_sections":[{"text":"Pichets<br>&nbsp;","url":"\/fr\/support\/water-pitchers\/","image":{"ID":9223,"id":9223,"title":"Pitcher","filename":"Pitcher.png","filesize":3488,"url":"https:\/\/brita.ca\/wp-content\/uploads\/2024\/06\/Pitcher.png","link":"https:\/\/brita.ca\/fr\/support\/pitcher-2\/","alt":"","author":"4","description":"","caption":"","name":"pitcher-2","status":"inherit","uploaded_to":9245,"date":"2024-06-26 21:08:38","modified":"2024-06-27 16:41:45","menu_order":0,"mime_type":"image\/png","type":"image","subtype":"png","icon":"https:\/\/www.brita.ca\/wp-includes\/images\/media\/default.png","width":152,"height":152,"sizes":[]}},{"text":"Distributeurs<br>&nbsp;","url":"\/fr\/support\/water-dispensers\/","image":{"ID":9225,"id":9225,"title":"Dispenser","filename":"Dispenser.png","filesize":3432,"url":"https:\/\/brita.ca\/wp-content\/uploads\/2024\/06\/Dispenser.png","link":"https:\/\/brita.ca\/fr\/support\/dispenser-2\/","alt":"","author":"4","description":"","caption":"","name":"dispenser-2","status":"inherit","uploaded_to":9245,"date":"2024-06-26 21:08:39","modified":"2024-06-27 16:41:45","menu_order":0,"mime_type":"image\/png","type":"image","subtype":"png","icon":"https:\/\/www.brita.ca\/wp-includes\/images\/media\/default.png","width":156,"height":156,"sizes":[]}},{"text":"Bouteilles<br>&nbsp;","url":"\/fr\/support\/water-bottles\/","image":{"ID":9227,"id":9227,"title":"Bottle","filename":"Bottle.png","filesize":2177,"url":"https:\/\/brita.ca\/wp-content\/uploads\/2024\/06\/Bottle.png","link":"https:\/\/brita.ca\/fr\/support\/bottle-2\/","alt":"","author":"4","description":"","caption":"","name":"bottle-2","status":"inherit","uploaded_to":9245,"date":"2024-06-26 21:08:40","modified":"2024-06-27 16:41:45","menu_order":0,"mime_type":"image\/png","type":"image","subtype":"png","icon":"https:\/\/www.brita.ca\/wp-includes\/images\/media\/default.png","width":156,"height":156,"sizes":[]}},{"text":"Syst\u00e8mes sur robinet","url":"\/fr\/support\/faucet-systems\/","image":{"ID":9221,"id":9221,"title":"Faucet","filename":"Faucet.png","filesize":2456,"url":"https:\/\/brita.ca\/wp-content\/uploads\/2024\/06\/Faucet.png","link":"https:\/\/brita.ca\/fr\/support\/faucet-2\/","alt":"","author":"4","description":"","caption":"","name":"faucet-2","status":"inherit","uploaded_to":9245,"date":"2024-06-26 21:08:37","modified":"2024-06-27 16:41:46","menu_order":0,"mime_type":"image\/png","type":"image","subtype":"png","icon":"https:\/\/www.brita.ca\/wp-includes\/images\/media\/default.png","width":156,"height":156,"sizes":[]}}],"additional_information":[{"headline":"Garantie de satisfaction de 30 jours","text":"Chez Brita, nous r\u00e9pondons de nos produits et de nos contr\u00f4les de la qualit\u00e9 avec une garantie de remboursement int\u00e9gral de 30 jours.","link":{"label":"Cliquer ici pour conna\u00eetre les exclusions.","url":"\/wp-content\/uploads\/2024\/07\/The_Brita_Products_Company_Satisfaction_Guarantee_Language_For_Company_Website_20240215.pdf","external":true}},{"headline":"Garantie limit\u00e9e","text":"Pendant la p\u00e9riode de garantie, si vous d\u00e9couvrez qu\u2019une pi\u00e8ce du pichet, du distributeur ou du syst\u00e8me sur robinet est endommag\u00e9e ou bris\u00e9e, nous la remplacerons sans frais.","link":{"label":"Cliquer ici pour conna\u00eetre les exclusions.","url":"\/wp-content\/uploads\/2024\/07\/Brita_Warranty_for_Pitcher-Dispenser_and_FMS.pdf","external":true}}]},"_links":{"self":[{"href":"https:\/\/brita.ca\/fr\/wp-json\/wp\/v2\/pages\/9245","targetHints":{"allow":["GET"]}}],"collection":[{"href":"https:\/\/brita.ca\/fr\/wp-json\/wp\/v2\/pages"}],"about":[{"href":"https:\/\/brita.ca\/fr\/wp-json\/wp\/v2\/types\/page"}],"author":[{"embeddable":true,"href":"https:\/\/brita.ca\/fr\/wp-json\/wp\/v2\/users\/16"}],"replies":[{"embeddable":true,"href":"https:\/\/brita.ca\/fr\/wp-json\/wp\/v2\/comments?post=9245"}],"version-history":[{"count":3,"href":"https:\/\/brita.ca\/fr\/wp-json\/wp\/v2\/pages\/9245\/revisions"}],"predecessor-version":[{"id":9299,"href":"https:\/\/brita.ca\/fr\/wp-json\/wp\/v2\/pages\/9245\/revisions\/9299"}],"wp:attachment":[{"href":"https:\/\/brita.ca\/fr\/wp-json\/wp\/v2\/media?parent=9245"}],"curies":[{"name":"wp","href":"https:\/\/api.w.org\/{rel}","templated":true}]}}