{"id":8151,"date":"2016-04-05T10:42:03","date_gmt":"2016-04-05T17:42:03","guid":{"rendered":"https:\/\/www.brita.ca\/pourquoi-brita\/what-we-filter\/"},"modified":"2021-06-09T13:48:48","modified_gmt":"2021-06-09T20:48:48","slug":"what-we-filter","status":"publish","type":"page","link":"https:\/\/brita.ca\/fr\/why-brita\/what-we-filter\/","title":{"rendered":"What We Filter"},"content":{"rendered":"","protected":false},"excerpt":{"rendered":"","protected":false},"author":4,"featured_media":0,"parent":7000,"menu_order":0,"comment_status":"closed","ping_status":"closed","template":"page-what-we-filter.php","meta":{"_acf_changed":false,"footnotes":""},"class_list":["post-8151","page","type-page","status-publish","hentry"],"acf":{"hero":false,"my_brita_header":false,"cta":false,"disclaimer":"","wwf_panel":[{"wwf_panel_header":"Obtenez plus de votre eau gr\u00e2ce \u00e0 Brita<sup>\u00ae<\/sup>.","wwf_panel_intro":"<p>Depuis plus de 25 ans, les scientifiques de Brita\u00ae s\u2019emploient \u00e0 vous offrir une eau plus saine et bonne au go\u00fbt. Tous nos filtres et nos r\u00e9cipients sont exempts de BPA et r\u00e9duisent \u00e0 la fois les contaminants et les odeurs d\u00e9sagr\u00e9ables.<\/p>\n","wwf_select_visual":"top","wwf_panel_collapsible":false,"wwf_panel_btn_color":false,"wwf_panel_more_link":"","wwf_panel_more_header":"","wwf_panel_more_text":"","wwf_panel_more_visual":false},{"wwf_panel_header":"Ce que le syst\u00e8me Brita<sup>\u00ae<\/sup> permet de filtrer de l\u2019eau de votre robinet.","wwf_panel_intro":"<p>Notre filtre standard pour pichet fait appel \u00e0 l\u2019action combin\u00e9e du charbon activ\u00e9 \u00e0 base de noix de coco et d\u2019une r\u00e9sine \u00e9changeuse d\u2019ions, tous deux encapsul\u00e9s dans un bo\u00eetier exempt de BPA. Il r\u00e9duit le go\u00fbt et l\u2019odeur de chlore, la teneur en zinc ainsi qu\u2019en divers contaminants nocifs pour la sant\u00e9, tels que le cuivre, le cadmium et le mercure*.<\/p>\n","wwf_select_visual":"mid","wwf_panel_collapsible":true,"wwf_panel_btn_color":"btn-white","wwf_panel_more_link":"","wwf_panel_more_header":"","wwf_panel_more_text":"","wwf_panel_more_visual":"impurities"},{"wwf_panel_header":"Assurez-vous que votre filtre continue de faire son travail.","wwf_panel_intro":"<p>Saviez-vous que le filtre standard pour pichet cesse d\u2019\u00eatre efficace apr\u00e8s avoir filtr\u00e9 151 L d\u2019eau? Renseignez-vous sur le mode de fonctionnement des filtres et d\u00e9couvrez pourquoi il est important de les remplacer r\u00e9guli\u00e8rement.<\/p>\n","wwf_select_visual":"bottom","wwf_panel_collapsible":true,"wwf_panel_btn_color":"btn-blue","wwf_panel_more_link":"\/why-brita\/health\/how-do-brita-filters-work\/","wwf_panel_more_header":"","wwf_panel_more_text":"","wwf_panel_more_visual":""}]},"_links":{"self":[{"href":"https:\/\/brita.ca\/fr\/wp-json\/wp\/v2\/pages\/8151","targetHints":{"allow":["GET"]}}],"collection":[{"href":"https:\/\/brita.ca\/fr\/wp-json\/wp\/v2\/pages"}],"about":[{"href":"https:\/\/brita.ca\/fr\/wp-json\/wp\/v2\/types\/page"}],"author":[{"embeddable":true,"href":"https:\/\/brita.ca\/fr\/wp-json\/wp\/v2\/users\/4"}],"replies":[{"embeddable":true,"href":"https:\/\/brita.ca\/fr\/wp-json\/wp\/v2\/comments?post=8151"}],"version-history":[{"count":7,"href":"https:\/\/brita.ca\/fr\/wp-json\/wp\/v2\/pages\/8151\/revisions"}],"predecessor-version":[{"id":8306,"href":"https:\/\/brita.ca\/fr\/wp-json\/wp\/v2\/pages\/8151\/revisions\/8306"}],"up":[{"embeddable":true,"href":"https:\/\/brita.ca\/fr\/wp-json\/wp\/v2\/pages\/7000"}],"wp:attachment":[{"href":"https:\/\/brita.ca\/fr\/wp-json\/wp\/v2\/media?parent=8151"}],"curies":[{"name":"wp","href":"https:\/\/api.w.org\/{rel}","templated":true}]}}