{"id":7458,"date":"2016-12-22T12:43:51","date_gmt":"2016-12-22T20:43:51","guid":{"rendered":"https:\/\/www.brita.ca\/pourquoi-brita\/drink-like-you-care\/"},"modified":"2021-06-10T08:27:55","modified_gmt":"2021-06-10T15:27:55","slug":"drink-like-you-care","status":"publish","type":"page","link":"https:\/\/brita.ca\/fr\/pourquoi-brita\/boire-comme-vous-vous-souciez\/","title":{"rendered":"Boire Comme Vous Vous Souciez\/"},"content":{"rendered":"","protected":false},"excerpt":{"rendered":"","protected":false},"author":4,"featured_media":0,"parent":7000,"menu_order":0,"comment_status":"closed","ping_status":"closed","template":"page-drink-like-you-care.php","meta":{"_acf_changed":false,"footnotes":""},"class_list":["post-7458","page","type-page","status-publish","hentry"],"acf":{"my_brita_header":false,"cta":false,"hero":{"headline":"Buvez<br \/>avec<br \/>C\u0152UR","image":false,"subhead":"Nous disons tous que le bien de la plan\u00e8te nous tient \u00e0 c\u0153ur...","copy":"Mais en v\u00e9rit\u00e9, il nous tient \u00e0 c\u0153ur... jusqu\u2019\u00e0 ce que nous ayons soif. Les bouteilles en plastique \u00e0 usage unique sont en train de d\u00e9truire notre plan\u00e8te. Avec Brita\u00ae, vous pouvez savourer une eau bonne au go\u00fbt, sans produire de d\u00e9chets.","cta":{"link":"\/my-brita\/","copy":"Inscrivez-vous \u00e0 notre service de rappels de changement de filtre"},"video":{"title":"VOYEZ POURQUOI BRITA EST UN MEILLEUR CHOIX","youtube_id":"e1ihl_h1fLY"}},"disclaimer":"1. Selon le taux de recyclage des bouteilles d\u2019eau en plastique \u00e0 usage unique de la IBWA, plus de 60 % des bouteilles en plastique aboutissent dans les sites d\u2019enfouissement et dans les oc\u00e9ans. 2. D\u2019apr\u00e8s les donn\u00e9es de vente d\u2019IRI. 3. D\u2019apr\u00e8s le nombre de livraisons de tous les syst\u00e8mes et filtres Brita en 2018. Comparativement aux bouteilles de 500 mL. 4. Comparativement \u00e0 l\u2019eau du robinet. 5. Bouteilles standards de 500 mL. 6. Consulter le tableau de certification. 7. Aucune bouteille \u00e0 jeter. 8. Un filtre Brita\u00ae standard peut remplacer jusqu\u2019\u00e0 300 bouteilles d\u2019eau de 500 mL. 9. Deloitte and Cheminfo Services Inc. (2019). Analyse \u00e9conomique de l\u2019industrie, des march\u00e9s et des d\u00e9chets li\u00e9s aux mati\u00e8res plastiques au Canada : rapport final \u2013 t\u00e2che 1, p. 128 (non publi\u00e9).","flexible_content":[{"acf_fc_layout":"related_sections","show_until":"","columns":[{"title":"Afficher nos produits","text":"<p>Explorez nos syst\u00e8mes de filtration en pichet, en distributeur et en bouteille, et commencez, vous aussi, \u00e0 filtrer pour la vie.<\/p>\n","button":[{"text":"Magasiner maintenant","url":"\/pichets\/","external":false}]},{"title":"Pourquoi choisir Brita\u00ae?","text":"<p>Voyez pourquoi l\u2019eau filtr\u00e9e par un syst\u00e8me Brita\u00ae est meilleure pour vous, pour votre portefeuille et pour la plan\u00e8te.<\/p>\n","button":[{"text":"Plus d\u2019info","url":"\/pourquoi-brita\/","external":false}]},{"title":"Inscrivez-vous \u00e0 notre service de rappels de changement de filtre.","text":"<p>Brita\u00ae vous en offre encore plus avec son service personnalis\u00e9 de rappels de changement de filtre.<\/p>\n","button":[{"text":"Inscription","url":"\/my-brita\/","external":false}]}],"hide_until":""}]},"_links":{"self":[{"href":"https:\/\/brita.ca\/fr\/wp-json\/wp\/v2\/pages\/7458","targetHints":{"allow":["GET"]}}],"collection":[{"href":"https:\/\/brita.ca\/fr\/wp-json\/wp\/v2\/pages"}],"about":[{"href":"https:\/\/brita.ca\/fr\/wp-json\/wp\/v2\/types\/page"}],"author":[{"embeddable":true,"href":"https:\/\/brita.ca\/fr\/wp-json\/wp\/v2\/users\/4"}],"replies":[{"embeddable":true,"href":"https:\/\/brita.ca\/fr\/wp-json\/wp\/v2\/comments?post=7458"}],"version-history":[{"count":9,"href":"https:\/\/brita.ca\/fr\/wp-json\/wp\/v2\/pages\/7458\/revisions"}],"predecessor-version":[{"id":8314,"href":"https:\/\/brita.ca\/fr\/wp-json\/wp\/v2\/pages\/7458\/revisions\/8314"}],"up":[{"embeddable":true,"href":"https:\/\/brita.ca\/fr\/wp-json\/wp\/v2\/pages\/7000"}],"wp:attachment":[{"href":"https:\/\/brita.ca\/fr\/wp-json\/wp\/v2\/media?parent=7458"}],"curies":[{"name":"wp","href":"https:\/\/api.w.org\/{rel}","templated":true}]}}